{"id":519,"date":"2025-09-09T12:50:17","date_gmt":"2025-09-09T11:50:17","guid":{"rendered":"https:\/\/habeebautoalgeria.com\/?page_id=519"},"modified":"2025-09-11T07:32:11","modified_gmt":"2025-09-11T06:32:11","slug":"a-propos-de-nous","status":"publish","type":"page","link":"https:\/\/habeebautoalgeria.com\/?page_id=519","title":{"rendered":"\u00c0 propos de nous"},"content":{"rendered":"\t\t<div data-elementor-type=\"wp-post\" data-elementor-id=\"519\" class=\"elementor elementor-519\">\n\t\t\t\t\t\t<section class=\"elementor-section elementor-top-section elementor-element elementor-element-tkml1zg elementor-section-boxed elementor-section-height-default elementor-section-height-default\" data-id=\"tkml1zg\" data-element_type=\"section\" data-e-type=\"section\">\n\t\t\t\t\t\t<div class=\"elementor-container elementor-column-gap-default\">\n\t\t\t\t\t<div class=\"elementor-column elementor-col-100 elementor-top-column elementor-element elementor-element-97j26r1\" data-id=\"97j26r1\" data-element_type=\"column\" data-e-type=\"column\">\n\t\t\t<div class=\"elementor-widget-wrap elementor-element-populated\">\n\t\t\t\t\t\t<div class=\"elementor-element elementor-element-9ztptpn elementor-widget elementor-widget-heading\" data-id=\"9ztptpn\" data-element_type=\"widget\" data-e-type=\"widget\" data-widget_type=\"heading.default\">\n\t\t\t\t<div class=\"elementor-widget-container\">\n\t\t\t\t\t<h2 class=\"elementor-heading-title elementor-size-default\">Votre partenaire de confiance pour des v\u00e9hicules de qualit\u00e9<\/h2>\t\t\t\t<\/div>\n\t\t\t\t<\/div>\n\t\t\t\t<div class=\"elementor-element elementor-element-f163d82 elementor-widget elementor-widget-spacer\" data-id=\"f163d82\" data-element_type=\"widget\" data-e-type=\"widget\" data-widget_type=\"spacer.default\">\n\t\t\t\t<div class=\"elementor-widget-container\">\n\t\t\t\t\t\t\t<div class=\"elementor-spacer\">\n\t\t\t<div class=\"elementor-spacer-inner\"><\/div>\n\t\t<\/div>\n\t\t\t\t\t\t<\/div>\n\t\t\t\t<\/div>\n\t\t\t\t<div class=\"elementor-element elementor-element-acd7504 elementor-widget elementor-widget-text-editor\" data-id=\"acd7504\" data-element_type=\"widget\" data-e-type=\"widget\" data-widget_type=\"text-editor.default\">\n\t\t\t\t<div class=\"elementor-widget-container\">\n\t\t\t\t\t\t\t\t\t<p>Bienvenue chez Habeeb Auto Alg\u00e9rie, votre r\u00e9f\u00e9rence pour les v\u00e9hicules import\u00e9s de haute qualit\u00e9. Depuis notre cr\u00e9ation en 2019, nous avons b\u00e2ti une solide r\u00e9putation de fiabilit\u00e9, de transparence et de service client exceptionnel sur le march\u00e9 automobile alg\u00e9rien.<\/p><p>Notre mission est simple\u00a0: offrir \u00e0 nos clients les meilleurs v\u00e9hicules internationaux alliant performance, s\u00e9curit\u00e9 et rapport qualit\u00e9-prix, le tout soutenu par notre engagement ind\u00e9fectible envers votre satisfaction.<\/p>\t\t\t\t\t\t\t\t<\/div>\n\t\t\t\t<\/div>\n\t\t\t\t<div class=\"elementor-element elementor-element-82cb15b elementor-widget elementor-widget-spacer\" data-id=\"82cb15b\" data-element_type=\"widget\" data-e-type=\"widget\" data-widget_type=\"spacer.default\">\n\t\t\t\t<div class=\"elementor-widget-container\">\n\t\t\t\t\t\t\t<div class=\"elementor-spacer\">\n\t\t\t<div class=\"elementor-spacer-inner\"><\/div>\n\t\t<\/div>\n\t\t\t\t\t\t<\/div>\n\t\t\t\t<\/div>\n\t\t\t\t<div class=\"elementor-element elementor-element-8920727 elementor-widget elementor-widget-heading\" data-id=\"8920727\" data-element_type=\"widget\" data-e-type=\"widget\" data-widget_type=\"heading.default\">\n\t\t\t\t<div class=\"elementor-widget-container\">\n\t\t\t\t\t<h2 class=\"elementor-heading-title elementor-size-default\">Notre histoire\u00a0: Un voyage de passion et de confiance<\/h2>\t\t\t\t<\/div>\n\t\t\t\t<\/div>\n\t\t\t\t<div class=\"elementor-element elementor-element-635d38d elementor-widget elementor-widget-spacer\" data-id=\"635d38d\" data-element_type=\"widget\" data-e-type=\"widget\" data-widget_type=\"spacer.default\">\n\t\t\t\t<div class=\"elementor-widget-container\">\n\t\t\t\t\t\t\t<div class=\"elementor-spacer\">\n\t\t\t<div class=\"elementor-spacer-inner\"><\/div>\n\t\t<\/div>\n\t\t\t\t\t\t<\/div>\n\t\t\t\t<\/div>\n\t\t\t\t<div class=\"elementor-element elementor-element-2f436bb elementor-widget elementor-widget-text-editor\" data-id=\"2f436bb\" data-element_type=\"widget\" data-e-type=\"widget\" data-widget_type=\"text-editor.default\">\n\t\t\t\t<div class=\"elementor-widget-container\">\n\t\t\t\t\t\t\t\t\t<p>Habeeb Auto Alg\u00e9rie a vu le jour en 2019, n\u00e9 d&rsquo;une profonde passion pour l&rsquo;automobile et d&rsquo;une vision claire : combler un vide sur le march\u00e9. Nous avons identifi\u00e9 le besoin d&rsquo;un service d&rsquo;importation de voitures non seulement efficace, mais aussi transparent et ax\u00e9 sur le client.<\/p><p>Au d\u00e9part, une petite \u00e9quipe d\u00e9vou\u00e9e s&rsquo;est attach\u00e9e \u00e0 instaurer la confiance, un client apr\u00e8s l&rsquo;autre. Gr\u00e2ce \u00e0 notre travail acharn\u00e9, notre honn\u00eatet\u00e9 et la livraison constante de v\u00e9hicules de qualit\u00e9, nous sommes devenus une marque respect\u00e9e sur laquelle les familles et les entreprises alg\u00e9riennes comptent. Notre croissance est le fruit direct de votre confiance et des relations durables que nous avons b\u00e2ties.<\/p>\t\t\t\t\t\t\t\t<\/div>\n\t\t\t\t<\/div>\n\t\t\t\t<div class=\"elementor-element elementor-element-7a0f549 elementor-widget elementor-widget-spacer\" data-id=\"7a0f549\" data-element_type=\"widget\" data-e-type=\"widget\" data-widget_type=\"spacer.default\">\n\t\t\t\t<div class=\"elementor-widget-container\">\n\t\t\t\t\t\t\t<div class=\"elementor-spacer\">\n\t\t\t<div class=\"elementor-spacer-inner\"><\/div>\n\t\t<\/div>\n\t\t\t\t\t\t<\/div>\n\t\t\t\t<\/div>\n\t\t\t\t<div class=\"elementor-element elementor-element-280731a elementor-widget elementor-widget-heading\" data-id=\"280731a\" data-element_type=\"widget\" data-e-type=\"widget\" data-widget_type=\"heading.default\">\n\t\t\t\t<div class=\"elementor-widget-container\">\n\t\t\t\t\t<h2 class=\"elementor-heading-title elementor-size-default\">Ce que nous faisons : nos services<\/h2>\t\t\t\t<\/div>\n\t\t\t\t<\/div>\n\t\t\t\t<div class=\"elementor-element elementor-element-5cb8e0f elementor-widget elementor-widget-spacer\" data-id=\"5cb8e0f\" data-element_type=\"widget\" data-e-type=\"widget\" data-widget_type=\"spacer.default\">\n\t\t\t\t<div class=\"elementor-widget-container\">\n\t\t\t\t\t\t\t<div class=\"elementor-spacer\">\n\t\t\t<div class=\"elementor-spacer-inner\"><\/div>\n\t\t<\/div>\n\t\t\t\t\t\t<\/div>\n\t\t\t\t<\/div>\n\t\t\t\t<div class=\"elementor-element elementor-element-a453e4c elementor-widget elementor-widget-text-editor\" data-id=\"a453e4c\" data-element_type=\"widget\" data-e-type=\"widget\" data-widget_type=\"text-editor.default\">\n\t\t\t\t<div class=\"elementor-widget-container\">\n\t\t\t\t\t\t\t\t\t<p class=\"ds-markdown-paragraph\">Nous sommes sp\u00e9cialis\u00e9s dans l&rsquo;importation d&rsquo;une large gamme de v\u00e9hicules pour r\u00e9pondre \u00e0 divers besoins et budgets. Notre service complet prend en charge toutes les complexit\u00e9s de l&rsquo;importation automobile internationale.<\/p><ul><li><p class=\"ds-markdown-paragraph\"><strong>Approvisionnement en v\u00e9hicules<\/strong>\u00a0: nous nous approvisionnons soigneusement en v\u00e9hicules aupr\u00e8s de march\u00e9s de confiance du monde entier, en s\u00e9lectionnant uniquement les meilleurs mod\u00e8les qui r\u00e9pondent \u00e0 nos normes \u00e9lev\u00e9es de qualit\u00e9 et de fiabilit\u00e9.<\/p><\/li><li><p class=\"ds-markdown-paragraph\"><strong>D\u00e9douanement<\/strong> : Notre \u00e9quipe d&rsquo;experts g\u00e8re toutes les d\u00e9marches administratives et juridiques n\u00e9cessaires aupr\u00e8s des douanes alg\u00e9riennes, vous garantissant un processus fluide et sans tracas.<\/p><\/li><li><p class=\"ds-markdown-paragraph\"><strong>Logistique &amp; Exp\u00e9dition<\/strong> : Nous prenons en charge l&rsquo;int\u00e9gralit\u00e9 de la cha\u00eene logistique, depuis la s\u00e9curisation de votre v\u00e9hicule au port d&rsquo;origine jusqu&rsquo;\u00e0 sa livraison en toute s\u00e9curit\u00e9 en Alg\u00e9rie.<\/p><\/li><li><p class=\"ds-markdown-paragraph\"><strong>Consultation client<\/strong>\u00a0: nous travaillons en \u00e9troite collaboration avec vous pour comprendre vos besoins, vos pr\u00e9f\u00e9rences et votre budget, vous guidant vers le choix de v\u00e9hicule parfait.<\/p><\/li><\/ul>\t\t\t\t\t\t\t\t<\/div>\n\t\t\t\t<\/div>\n\t\t\t\t<div class=\"elementor-element elementor-element-b68734f elementor-widget elementor-widget-spacer\" data-id=\"b68734f\" data-element_type=\"widget\" data-e-type=\"widget\" data-widget_type=\"spacer.default\">\n\t\t\t\t<div class=\"elementor-widget-container\">\n\t\t\t\t\t\t\t<div class=\"elementor-spacer\">\n\t\t\t<div class=\"elementor-spacer-inner\"><\/div>\n\t\t<\/div>\n\t\t\t\t\t\t<\/div>\n\t\t\t\t<\/div>\n\t\t\t\t<div class=\"elementor-element elementor-element-efdd05a elementor-widget elementor-widget-heading\" data-id=\"efdd05a\" data-element_type=\"widget\" data-e-type=\"widget\" data-widget_type=\"heading.default\">\n\t\t\t\t<div class=\"elementor-widget-container\">\n\t\t\t\t\t<h2 class=\"elementor-heading-title elementor-size-default\">Pourquoi choisir Habeeb Auto ?<\/h2>\t\t\t\t<\/div>\n\t\t\t\t<\/div>\n\t\t\t\t<div class=\"elementor-element elementor-element-2a5e0bc elementor-widget elementor-widget-text-editor\" data-id=\"2a5e0bc\" data-element_type=\"widget\" data-e-type=\"widget\" data-widget_type=\"text-editor.default\">\n\t\t\t\t<div class=\"elementor-widget-container\">\n\t\t\t\t\t\t\t\t\t<p class=\"ds-markdown-paragraph\">Dans un march\u00e9 concurrentiel, nous nous d\u00e9marquons par nos valeurs fondamentales :<\/p><ul><li><p class=\"ds-markdown-paragraph\"><strong>Assurance qualit\u00e9\u00a0<\/strong>: Chaque v\u00e9hicule que nous importons est soumis \u00e0 un processus d\u2019inspection rigoureux. Nous privil\u00e9gions les v\u00e9hicules bien entretenus et \u00e0 faible kilom\u00e9trage provenant de sources r\u00e9put\u00e9es pour vous garantir un v\u00e9hicule sur lequel vous pouvez compter.<\/p><\/li><li><p class=\"ds-markdown-paragraph\"><strong>Tarification transparente<\/strong>\u00a0: Nous croyons en l\u2019honn\u00eatet\u00e9. Nos tarifs sont clairs et transparents, sans frais cach\u00e9s ni co\u00fbts surprises. Vous saurez exactement ce pour quoi vous payez.<\/p><\/li><li><p class=\"ds-markdown-paragraph\"><strong>Connaissances d&rsquo;expert<\/strong> : Avec des ann\u00e9es d&rsquo;exp\u00e9rience dans le secteur de l&rsquo;importation automobile, nous avons l&rsquo;expertise n\u00e9cessaire pour naviguer dans les r\u00e9glementations, identifier les meilleures offres et vous conseiller sur la bonne voiture pour les routes et le climat alg\u00e9riens.<\/p><\/li><li><p class=\"ds-markdown-paragraph\"><strong>Approche centr\u00e9e sur le client<\/strong> : Vous \u00eates notre priorit\u00e9. Nous nous engageons \u00e0 fournir un service personnalis\u00e9, une communication claire \u00e0 chaque \u00e9tape et un support apr\u00e8s-vente solide.<\/p><\/li><\/ul>\t\t\t\t\t\t\t\t<\/div>\n\t\t\t\t<\/div>\n\t\t\t\t<div class=\"elementor-element elementor-element-b38088f elementor-widget elementor-widget-spacer\" data-id=\"b38088f\" data-element_type=\"widget\" data-e-type=\"widget\" data-widget_type=\"spacer.default\">\n\t\t\t\t<div class=\"elementor-widget-container\">\n\t\t\t\t\t\t\t<div class=\"elementor-spacer\">\n\t\t\t<div class=\"elementor-spacer-inner\"><\/div>\n\t\t<\/div>\n\t\t\t\t\t\t<\/div>\n\t\t\t\t<\/div>\n\t\t\t\t<div class=\"elementor-element elementor-element-4e4bb2a elementor-widget elementor-widget-heading\" data-id=\"4e4bb2a\" data-element_type=\"widget\" data-e-type=\"widget\" data-widget_type=\"heading.default\">\n\t\t\t\t<div class=\"elementor-widget-container\">\n\t\t\t\t\t<h2 class=\"elementor-heading-title elementor-size-default\">Notre vision pour l'avenir<\/h2>\t\t\t\t<\/div>\n\t\t\t\t<\/div>\n\t\t\t\t<div class=\"elementor-element elementor-element-4a69195 elementor-widget elementor-widget-spacer\" data-id=\"4a69195\" data-element_type=\"widget\" data-e-type=\"widget\" data-widget_type=\"spacer.default\">\n\t\t\t\t<div class=\"elementor-widget-container\">\n\t\t\t\t\t\t\t<div class=\"elementor-spacer\">\n\t\t\t<div class=\"elementor-spacer-inner\"><\/div>\n\t\t<\/div>\n\t\t\t\t\t\t<\/div>\n\t\t\t\t<\/div>\n\t\t\t\t<div class=\"elementor-element elementor-element-cf8055b elementor-widget elementor-widget-text-editor\" data-id=\"cf8055b\" data-element_type=\"widget\" data-e-type=\"widget\" data-widget_type=\"text-editor.default\">\n\t\t\t\t<div class=\"elementor-widget-container\">\n\t\t\t\t\t\t\t\t\t<p class=\"ds-markdown-paragraph\">Pour l&rsquo;avenir, Habeeb Auto Alg\u00e9rie entend rester un leader dans le secteur de l&rsquo;importation automobile. Nous pr\u00e9voyons d&rsquo;\u00e9largir notre gamme de v\u00e9hicules pour y inclure davantage de v\u00e9hicules \u00e9cologiques et \u00e9lectriques, s&rsquo;inscrivant ainsi dans l&rsquo;avenir de la mobilit\u00e9 tout en maintenant le m\u00eame niveau de service et de confiance qui nous caract\u00e9rise depuis 2019.<\/p>\t\t\t\t\t\t\t\t<\/div>\n\t\t\t\t<\/div>\n\t\t\t\t<div class=\"elementor-element elementor-element-78a1107 elementor-widget elementor-widget-spacer\" data-id=\"78a1107\" data-element_type=\"widget\" data-e-type=\"widget\" data-widget_type=\"spacer.default\">\n\t\t\t\t<div class=\"elementor-widget-container\">\n\t\t\t\t\t\t\t<div class=\"elementor-spacer\">\n\t\t\t<div class=\"elementor-spacer-inner\"><\/div>\n\t\t<\/div>\n\t\t\t\t\t\t<\/div>\n\t\t\t\t<\/div>\n\t\t\t\t<div class=\"elementor-element elementor-element-49e25a8 elementor-widget elementor-widget-heading\" data-id=\"49e25a8\" data-element_type=\"widget\" data-e-type=\"widget\" data-widget_type=\"heading.default\">\n\t\t\t\t<div class=\"elementor-widget-container\">\n\t\t\t\t\t<h2 class=\"elementor-heading-title elementor-size-default\">Rencontrez l'\u00e9quipe<\/h2>\t\t\t\t<\/div>\n\t\t\t\t<\/div>\n\t\t\t\t<div class=\"elementor-element elementor-element-7d4d6e4 elementor-widget elementor-widget-spacer\" data-id=\"7d4d6e4\" data-element_type=\"widget\" data-e-type=\"widget\" data-widget_type=\"spacer.default\">\n\t\t\t\t<div class=\"elementor-widget-container\">\n\t\t\t\t\t\t\t<div class=\"elementor-spacer\">\n\t\t\t<div class=\"elementor-spacer-inner\"><\/div>\n\t\t<\/div>\n\t\t\t\t\t\t<\/div>\n\t\t\t\t<\/div>\n\t\t\t\t<div class=\"elementor-element elementor-element-58e6230 elementor-widget elementor-widget-text-editor\" data-id=\"58e6230\" data-element_type=\"widget\" data-e-type=\"widget\" data-widget_type=\"text-editor.default\">\n\t\t\t\t<div class=\"elementor-widget-container\">\n\t\t\t\t\t\t\t\t\t<p class=\"ds-markdown-paragraph\">Derri\u00e8re Habeeb Auto se cache une \u00e9quipe de professionnels passionn\u00e9s et comp\u00e9tents, des experts automobiles aux coordinateurs logistiques en passant par les conseillers client\u00e8le. Nous sommes unis par un engagement commun envers l&rsquo;excellence et par la volont\u00e9 de mettre nos clients en contact avec le v\u00e9hicule id\u00e9al.<\/p><h3>Merci d&rsquo;avoir choisi Habeeb Auto Alg\u00e9rie. Nous ne nous contentons pas d&rsquo;importer des voitures\u00a0; nous vous offrons confiance et des r\u00eaves de conduite.<\/h3>\t\t\t\t\t\t\t\t<\/div>\n\t\t\t\t<\/div>\n\t\t\t\t<div class=\"elementor-element elementor-element-38497be elementor-align-center elementor-mobile-align-center elementor-widget elementor-widget-button\" data-id=\"38497be\" data-element_type=\"widget\" data-e-type=\"widget\" data-widget_type=\"button.default\">\n\t\t\t\t<div class=\"elementor-widget-container\">\n\t\t\t\t\t\t\t\t\t<div class=\"elementor-button-wrapper\">\n\t\t\t\t\t<a class=\"elementor-button elementor-button-link elementor-size-sm\" href=\"https:\/\/habeebautoalgeria.com\/?page_id=480\">\n\t\t\t\t\t\t<span class=\"elementor-button-content-wrapper\">\n\t\t\t\t\t\t\t\t\t<span class=\"elementor-button-text\">Contactez-nous<\/span>\n\t\t\t\t\t<\/span>\n\t\t\t\t\t<\/a>\n\t\t\t\t<\/div>\n\t\t\t\t\t\t\t\t<\/div>\n\t\t\t\t<\/div>\n\t\t\t\t\t<\/div>\n\t\t<\/div>\n\t\t\t\t\t<\/div>\n\t\t<\/section>\n\t\t\t\t<\/div>\n\t\t","protected":false},"excerpt":{"rendered":"<p>Votre partenaire de confiance pour des v\u00e9hicules de qualit\u00e9 Bienvenue chez Habeeb Auto Alg\u00e9rie, votre r\u00e9f\u00e9rence pour les v\u00e9hicules import\u00e9s de haute qualit\u00e9. Depuis notre cr\u00e9ation en 2019, nous avons b\u00e2ti une solide r\u00e9putation de fiabilit\u00e9, de transparence et de service client exceptionnel sur le march\u00e9 automobile alg\u00e9rien. Notre mission est simple\u00a0: offrir \u00e0 nos [&hellip;]<\/p>\n","protected":false},"author":1,"featured_media":0,"parent":0,"menu_order":0,"comment_status":"closed","ping_status":"closed","template":"","meta":{"ocean_post_layout":"","ocean_both_sidebars_style":"","ocean_both_sidebars_content_width":0,"ocean_both_sidebars_sidebars_width":0,"ocean_sidebar":"","ocean_second_sidebar":"","ocean_disable_margins":"enable","ocean_add_body_class":"","ocean_shortcode_before_top_bar":"","ocean_shortcode_after_top_bar":"","ocean_shortcode_before_header":"","ocean_shortcode_after_header":"","ocean_has_shortcode":"","ocean_shortcode_after_title":"","ocean_shortcode_before_footer_widgets":"","ocean_shortcode_after_footer_widgets":"","ocean_shortcode_before_footer_bottom":"","ocean_shortcode_after_footer_bottom":"","ocean_display_top_bar":"default","ocean_display_header":"default","ocean_header_style":"","ocean_center_header_left_menu":"","ocean_custom_header_template":"","ocean_custom_logo":0,"ocean_custom_retina_logo":0,"ocean_custom_logo_max_width":0,"ocean_custom_logo_tablet_max_width":0,"ocean_custom_logo_mobile_max_width":0,"ocean_custom_logo_max_height":0,"ocean_custom_logo_tablet_max_height":0,"ocean_custom_logo_mobile_max_height":0,"ocean_header_custom_menu":"","ocean_menu_typo_font_family":"","ocean_menu_typo_font_subset":"","ocean_menu_typo_font_size":0,"ocean_menu_typo_font_size_tablet":0,"ocean_menu_typo_font_size_mobile":0,"ocean_menu_typo_font_size_unit":"px","ocean_menu_typo_font_weight":"","ocean_menu_typo_font_weight_tablet":"","ocean_menu_typo_font_weight_mobile":"","ocean_menu_typo_transform":"","ocean_menu_typo_transform_tablet":"","ocean_menu_typo_transform_mobile":"","ocean_menu_typo_line_height":0,"ocean_menu_typo_line_height_tablet":0,"ocean_menu_typo_line_height_mobile":0,"ocean_menu_typo_line_height_unit":"","ocean_menu_typo_spacing":0,"ocean_menu_typo_spacing_tablet":0,"ocean_menu_typo_spacing_mobile":0,"ocean_menu_typo_spacing_unit":"","ocean_menu_link_color":"","ocean_menu_link_color_hover":"","ocean_menu_link_color_active":"","ocean_menu_link_background":"","ocean_menu_link_hover_background":"","ocean_menu_link_active_background":"","ocean_menu_social_links_bg":"","ocean_menu_social_hover_links_bg":"","ocean_menu_social_links_color":"","ocean_menu_social_hover_links_color":"","ocean_disable_title":"default","ocean_disable_heading":"default","ocean_post_title":"","ocean_post_subheading":"","ocean_post_title_style":"","ocean_post_title_background_color":"","ocean_post_title_background":0,"ocean_post_title_bg_image_position":"","ocean_post_title_bg_image_attachment":"","ocean_post_title_bg_image_repeat":"","ocean_post_title_bg_image_size":"","ocean_post_title_height":0,"ocean_post_title_bg_overlay":0.5,"ocean_post_title_bg_overlay_color":"","ocean_disable_breadcrumbs":"default","ocean_breadcrumbs_color":"","ocean_breadcrumbs_separator_color":"","ocean_breadcrumbs_links_color":"","ocean_breadcrumbs_links_hover_color":"","ocean_display_footer_widgets":"default","ocean_display_footer_bottom":"default","ocean_custom_footer_template":"","omw_enable_modal_window":"enable","footnotes":""},"class_list":["post-519","page","type-page","status-publish","hentry","entry"],"_links":{"self":[{"href":"https:\/\/habeebautoalgeria.com\/index.php?rest_route=\/wp\/v2\/pages\/519","targetHints":{"allow":["GET"]}}],"collection":[{"href":"https:\/\/habeebautoalgeria.com\/index.php?rest_route=\/wp\/v2\/pages"}],"about":[{"href":"https:\/\/habeebautoalgeria.com\/index.php?rest_route=\/wp\/v2\/types\/page"}],"author":[{"embeddable":true,"href":"https:\/\/habeebautoalgeria.com\/index.php?rest_route=\/wp\/v2\/users\/1"}],"replies":[{"embeddable":true,"href":"https:\/\/habeebautoalgeria.com\/index.php?rest_route=%2Fwp%2Fv2%2Fcomments&post=519"}],"version-history":[{"count":110,"href":"https:\/\/habeebautoalgeria.com\/index.php?rest_route=\/wp\/v2\/pages\/519\/revisions"}],"predecessor-version":[{"id":674,"href":"https:\/\/habeebautoalgeria.com\/index.php?rest_route=\/wp\/v2\/pages\/519\/revisions\/674"}],"wp:attachment":[{"href":"https:\/\/habeebautoalgeria.com\/index.php?rest_route=%2Fwp%2Fv2%2Fmedia&parent=519"}],"curies":[{"name":"wp","href":"https:\/\/api.w.org\/{rel}","templated":true}]}}